{"id":52,"date":"2024-03-16T09:23:04","date_gmt":"2024-03-16T09:23:04","guid":{"rendered":"https:\/\/gemyoffice.com\/?page_id=52"},"modified":"2025-05-29T12:23:59","modified_gmt":"2025-05-29T12:23:59","slug":"contact","status":"publish","type":"page","link":"https:\/\/gemyoffice.com\/tr\/contact\/","title":{"rendered":"\u0130leti\u015fim"},"content":{"rendered":"\n<div class=\"wp-block-group alignfull is-layout-constrained wp-block-group-is-layout-constrained\"><div class=\"frm_forms  with_frm_style frm_style_sleek-smooth-style\" id=\"frm_form_1_container\" >\n<form enctype=\"multipart\/form-data\" method=\"post\" class=\"frm-show-form  frm_pro_form \" id=\"form_contact-form\" >\n<div class=\"frm_form_fields \">\n<fieldset>\n<legend class=\"frm_screen_reader\">Kontaktformular<\/legend>\r\n\r\n<div class=\"frm_fields_container\">\n<input type=\"hidden\" name=\"frm_action\" value=\"create\" \/>\n<input type=\"hidden\" name=\"form_id\" value=\"1\" \/>\n<input type=\"hidden\" name=\"frm_hide_fields_1\" id=\"frm_hide_fields_1\" value=\"\" \/>\n<input type=\"hidden\" name=\"form_key\" value=\"contact-form\" \/>\n<input type=\"hidden\" name=\"item_meta[0]\" value=\"\" \/>\n<input type=\"hidden\" id=\"frm_submit_entry_1\" name=\"frm_submit_entry_1\" value=\"e003e01bff\" \/><input type=\"hidden\" name=\"_wp_http_referer\" value=\"\/tr\/wp-json\/wp\/v2\/pages\/52\" \/><div id=\"frm_field_1_container\" class=\"frm_form_field form-field  frm_required_field frm_top_container frm_first frm_half\">\r\n    <label for=\"field_qh4icy\" id=\"field_qh4icy_label\" class=\"frm_primary_label\">Vorname\r\n        <span class=\"frm_required\" aria-hidden=\"true\">*<\/span>\r\n    <\/label>\r\n    <input type=\"text\" id=\"field_qh4icy\" name=\"item_meta[1]\" value=\"\"  data-reqmsg=\"Vorname cannot be blank.\" aria-required=\"true\" data-invmsg=\"Vorname is invalid\" aria-invalid=\"false\"   aria-describedby=\"frm_desc_field_qh4icy\"\/>\r\n    <div class=\"frm_description\" id=\"frm_desc_field_qh4icy\">Vorname<\/div>\r\n    \r\n<\/div>\n<div id=\"frm_field_2_container\" class=\"frm_form_field form-field  frm_required_field frm_hidden_container frm_half\">\r\n    <label for=\"field_ocfup1\" id=\"field_ocfup1_label\" class=\"frm_primary_label\">Nachname\r\n        <span class=\"frm_required\" aria-hidden=\"true\">*<\/span>\r\n    <\/label>\r\n    <input type=\"text\" id=\"field_ocfup1\" name=\"item_meta[2]\" value=\"\"  data-reqmsg=\"Nachname cannot be blank.\" aria-required=\"true\" data-invmsg=\"Nachname is invalid\" aria-invalid=\"false\"   aria-describedby=\"frm_desc_field_ocfup1\"\/>\r\n    <div class=\"frm_description\" id=\"frm_desc_field_ocfup1\">Nachname<\/div>\r\n    \r\n<\/div>\n<div id=\"frm_field_3_container\" class=\"frm_form_field form-field  frm_required_field frm_top_container frm_full\">\r\n    <label for=\"field_29yf4d\" id=\"field_29yf4d_label\" class=\"frm_primary_label\">E-mail\r\n        <span class=\"frm_required\" aria-hidden=\"true\">*<\/span>\r\n    <\/label>\r\n    <input type=\"email\" id=\"field_29yf4d\" name=\"item_meta[3]\" value=\"\"  data-reqmsg=\"E-mail cannot be blank.\" aria-required=\"true\" data-invmsg=\"Please enter a valid email address\" aria-invalid=\"false\"  \/>\r\n    \r\n    \r\n<\/div>\n<div id=\"frm_field_8_container\" class=\"frm_form_field form-field  frm_required_field frm_top_container\">\r\n    <label for=\"field_sfcrl\" id=\"field_sfcrl_label\" class=\"frm_primary_label\">Telefonnummer\r\n        <span class=\"frm_required\" aria-hidden=\"true\">*<\/span>\r\n    <\/label>\r\n    <input type=\"tel\" id=\"field_sfcrl\" name=\"item_meta[8]\" value=\"\"  data-reqmsg=\"Telefonnummer cannot be blank.\" aria-required=\"true\" data-invmsg=\"Telefonnummer is invalid\" aria-invalid=\"false\" pattern=\"((\\+\\d{1,3}(-|.| )?\\(?\\d\\)?(-| |.)?\\d{1,5})|(\\(?\\d{2,6}\\)?))(-|.| )?(\\d{3,4})(-|.| )?(\\d{4})(( x| ext)\\d{1,5}){0,1}$\"  \/>\r\n    \r\n    \r\n<\/div>\n<div id=\"frm_field_7_container\" class=\"frm_form_field form-field  frm_required_field frm_top_container\">\r\n    <label for=\"field_x51g8\" id=\"field_x51g8_label\" class=\"frm_primary_label\">Grund der Kontaktaufnahme\r\n        <span class=\"frm_required\" aria-hidden=\"true\">*<\/span>\r\n    <\/label>\r\n    \t\t<select name=\"item_meta[7]\" id=\"field_x51g8\"  data-reqmsg=\"Grund der Kontaktaufnahme cannot be blank.\" aria-required=\"true\" data-invmsg=\"Grund der Kontaktaufnahme is invalid\" aria-invalid=\"false\"  >\n\t\t<option  value=\"\" selected='selected'> <\/option><option  value=\"Allgemeines | Genel | General\">Allgemeines | Genel | General<\/option><option  value=\"Jobsuchprozess | \u0130\u015f Arama S\u00fcreci | Job Search Process\">Jobsuchprozess | \u0130\u015f Arama S\u00fcreci | Job Search Process<\/option><option  value=\"Jobsuchevisum | \u0130\u015f Arama Vizesi | Job Seeking Visa\">Jobsuchevisum | \u0130\u015f Arama Vizesi | Job Seeking Visa<\/option><option  value=\"Arbeitsvertrag | \u0130\u015f S\u00f6zle\u015fmesi | Employment Contract\">Arbeitsvertrag | \u0130\u015f S\u00f6zle\u015fmesi | Employment Contract<\/option><option  value=\"Berufliche Anerkennung | Mesleki Denklik | Professional Recognition\">Berufliche Anerkennung | Mesleki Denklik | Professional Recognition<\/option><option  value=\"Visumhilfe | Vize Deste\u011fi | Visa Support\">Visumhilfe | Vize Deste\u011fi | Visa Support<\/option><option  value=\"Kundenverfolgung | M\u00fc\u015fteri Takibi | Client Follow-up\">Kundenverfolgung | M\u00fc\u015fteri Takibi | Client Follow-up<\/option><option  value=\"Coaching | Ko\u00e7luk\">Coaching | Ko\u00e7luk<\/option>\t<\/select>\n\t\r\n    \r\n    \r\n<\/div>\n<div id=\"frm_field_5_container\" class=\"frm_form_field form-field  frm_required_field frm_top_container frm12 frm_first\">\r\n    <label for=\"field_9jv0r1\" id=\"field_9jv0r1_label\" class=\"frm_primary_label\">Nachricht\r\n        <span class=\"frm_required\" aria-hidden=\"true\">*<\/span>\r\n    <\/label>\r\n    <textarea name=\"item_meta[5]\" id=\"field_9jv0r1\" rows=\"5\"  data-reqmsg=\"Nachricht cannot be blank.\" aria-required=\"true\" data-invmsg=\"Nachricht is invalid\" aria-invalid=\"false\"  ><\/textarea>\r\n    \r\n    \r\n<\/div>\n<div id=\"frm_field_14_container\" class=\"frm_form_field form-field  frm_top_container\">\r\n    <label for=\"field_ylh3u\" id=\"field_ylh3u_label\" class=\"frm_primary_label\">Datei-Upload\r\n        <span class=\"frm_required\" aria-hidden=\"true\"><\/span>\r\n    <\/label>\r\n    <input type=\"hidden\"  data-invmsg=\"Datei-Upload is invalid\" aria-invalid=\"false\"   name=\"item_meta[14][]\"  value=\"\" data-frmfile=\"14\" \/>\n\n<div class=\"frm_dropzone frm_multi_upload frm_clearfix\" id=\"file14_dropzone\" role=\"group\" >\n\t<div class=\"fallback\">\n\t\t<input type=\"file\" name=\"file14[]\" id=\"field_ylh3u\"\n\t\t\t data-frmfile=\"14\" multiple=\"multiple\"  data-invmsg=\"Datei-Upload is invalid\" aria-invalid=\"false\"  \t\t\t\/>\n\t\t\t\t<div class=\"frm_clearfix \"><\/div>\n\t<\/div>\n\t<div class=\"dz-message needsclick\">\n\t\t\t\t<svg  viewBox=\"0 0 18 18\" class=\"frmsvg frm-svg-icon\">\n\t<path viewBox=\"0 0 18 18\" fill-rule=\"evenodd\" clip-rule=\"evenodd\" d=\"M8.2 4v8a.8.8 0 001.5 0V4l2.1 2.2A.7.7 0 1013 5L9.5 1.7a.7.7 0 00-1.1 0L5.1 5.2a.8.8 0 001 1l2.1-2zm7.6 4.3c.4 0 .7.3.7.7v6.8c0 .4-.3.7-.8.7H2.3a.8.8 0 01-.8-.8V9A.8.8 0 013 9v6h12V9c0-.4.3-.8.8-.8z\"><\/path>\n<\/svg>\t\t<span class=\"frm_upload_text\"><button type=\"button\" aria-label=\"Datei-Upload. ziehen oder klicken Sie Ihre Datei hierher. Maximum file size: 516MB\">ziehen oder klicken Sie Ihre Datei hierher<\/button><\/span>\n\t\t<span class=\"frm_compact_text\"><button type=\"button\" aria-label=\"Datei-Upload. Datei ausw\u00e4hlen. Maximum file size: 516MB\">Datei ausw\u00e4hlen<\/button><\/span>\n\t\t<div class=\"frm_small_text\">\n\t\t\t<p>Maximum file size: 516MB<\/p>\n\t\t<\/div>\n\t<\/div>\n<\/div>\n\t\r\n    \r\n    \r\n<\/div>\n<div id=\"frm_field_10_container\" class=\"frm_form_field form-field  frm_required_field frm_top_container vertical_radio\">\r\n    <div  id=\"field_z00kn_label\" class=\"frm_primary_label\">Bedingungen\r\n        <span class=\"frm_required\" aria-hidden=\"true\">*<\/span>\r\n    <\/div>\r\n    <div class=\"frm_opt_container\" aria-labelledby=\"field_z00kn_label\" role=\"group\">\t\t<div class=\"frm_checkbox\" id=\"frm_checkbox_10-0\">\t\t\t<label  for=\"field_z00kn-0\">\n\t\t\t<input type=\"checkbox\" name=\"item_meta[10][]\" id=\"field_z00kn-0\" value=\"Mit dem Senden dieser Nachricht akzeptiere ich die Datenschutzvereinbarung von GE MyOffice.\"  data-reqmsg=\"Bedingungen cannot be blank.\" data-invmsg=\"Bedingungen is invalid\"   aria-required=\"true\"  \/> Mit dem Senden dieser Nachricht akzeptiere ich die Datenschutzvereinbarung von GE MyOffice.<\/label><\/div>\n\t\t<div class=\"frm_checkbox\" id=\"frm_checkbox_10-1\">\t\t\t<label  for=\"field_z00kn-1\">\n\t\t\t<input type=\"checkbox\" name=\"item_meta[10][]\" id=\"field_z00kn-1\" value=\"Durch das Senden dieser Nachricht stimme ich zu, dass die Firma GE MyOffice mich kontaktieren darf.\"  data-reqmsg=\"Bedingungen cannot be blank.\" data-invmsg=\"Bedingungen is invalid\"   \/> Durch das Senden dieser Nachricht stimme ich zu, dass die Firma GE MyOffice mich kontaktieren darf.<\/label><\/div>\n<\/div>\r\n    \r\n    \r\n<\/div>\n\t<input type=\"hidden\" name=\"item_key\" value=\"\" \/>\n\t\t\t<div id=\"frm_field_15_container\">\n\t\t\t<label for=\"field_mequd\" >\n\t\t\t\tIf you are human, leave this field blank.\t\t\t<\/label>\n\t\t\t<input  id=\"field_mequd\" type=\"text\" class=\"frm_form_field form-field frm_verify\" name=\"item_meta[15]\" value=\"\"  \/>\n\t\t<\/div>\n\t\t<input name=\"frm_state\" type=\"hidden\" value=\"C1uPkMaWk0BmK0LVRUXdnroen61gvzWj2YhbWfMgkL\/a\/5r4rOfRoZK5b6sU+XjG\" \/><div class=\"frm_submit frm_flex\">\r\n<button class=\"frm_button_submit frm_final_submit\" type=\"submit\"   formnovalidate=\"formnovalidate\">ABSCHICKEN<\/button>\r\n\r\n\r\n\r\n<\/div><\/div>\n<\/fieldset>\n<\/div>\n\n<p style=\"display: none !important;\" class=\"akismet-fields-container\" data-prefix=\"ak_\"><label>&#916;<textarea name=\"ak_hp_textarea\" cols=\"45\" rows=\"8\" maxlength=\"100\"><\/textarea><\/label><input type=\"hidden\" id=\"ak_js_1\" name=\"ak_js\" value=\"82\"\/><script>document.getElementById( \"ak_js_1\" ).setAttribute( \"value\", ( new Date() ).getTime() );<\/script><\/p><\/form>\n<\/div>\n\n\n\n<div class=\"wp-block-columns alignfull are-vertically-aligned-center is-layout-flex wp-container-core-columns-is-layout-5055d329 wp-block-columns-is-layout-flex\">\n<div class=\"wp-block-column is-vertically-aligned-center is-layout-flow wp-block-column-is-layout-flow\" style=\"flex-basis:66.66%\">\n<div class=\"wp-block-jetpack-map is-style-black_and_white\" data-map-id=\"jp-map-1\" data-map-provider=\"mapkit\" data-api-key=\"pk.eyJ1IjoiYXV0b21hdHRpYyIsImEiOiJjazVpZjA5aWswYTFvM21sOWtzNW1rNG9lIn0.Gu-sp4wRxnnQB-Qa8CpuZQ\" data-map-style=\"black_and_white\" data-blog-id=\"230747731\"><ul><li><a href=\"https:\/\/www.google.com\/maps\/search\/?api=1&amp;query=52.4904529,13.4239708\">GE MyOffice<\/a><\/li><\/ul><\/div>\n<\/div>\n\n\n\n<div class=\"wp-block-column is-vertically-aligned-center is-layout-flow wp-block-column-is-layout-flow\" style=\"padding-top:var(--wp--preset--spacing--70);padding-right:var(--wp--preset--spacing--70);padding-bottom:var(--wp--preset--spacing--70);padding-left:var(--wp--preset--spacing--70);flex-basis:33.33%\">\n<h2 class=\"wp-block-heading has-text-align-left\">Besuchen Sie uns<\/h2>\n\n\n\n<p class=\"has-text-align-left wp-block-paragraph\">Kottbusser Damm 75 (Hinterhof), 10967 Berlin <\/p>\n\n\n\n<p class=\"has-text-align-left wp-block-paragraph\">*Termin nach Vereinbarung!<br><\/p>\n<\/div>\n<\/div>\n<\/div>\n","protected":false},"excerpt":{"rendered":"<p>Besuchen Sie uns Kottbusser Damm 75 (Hinterhof), 10967 Berlin *Termin nach Vereinbarung!<\/p>","protected":false},"author":248076904,"featured_media":0,"parent":0,"menu_order":0,"comment_status":"closed","ping_status":"closed","template":"","meta":{"_crdt_document":"","advanced_seo_description":"","jetpack_seo_html_title":"","jetpack_seo_noindex":false,"footnotes":""},"class_list":["post-52","page","type-page","status-publish","hentry"],"jetpack_likes_enabled":false,"jetpack_sharing_enabled":true,"jetpack_shortlink":"https:\/\/wp.me\/PfCc1B-Q","jetpack-related-posts":[{"id":266,"url":"https:\/\/gemyoffice.com\/tr\/impressum\/","url_meta":{"origin":52,"position":0},"title":"Impressum","author":"gemyofficeprivate","date":"10\/04\/2024","format":false,"excerpt":"GE My OfficeRathausgasse 15, 12529 Sch\u00f6nefeld Umsatzsteuer-Identifikationsnummer gem\u00e4\u00df \u00a7 27 a Umsatzsteuergesetz: DE338507970 KONTAKTFORMULARE-Mail: info@gemyoffice.comHandynr.: +49 1573 1545082Gesch\u00e4ftsf\u00fchrerin: G\u00fcl\u015fah Eren Online-StreitbeilegungDie Europ\u00e4ische Kommission stellt unter\u00a0www.ec.europa.eu\/consumers\/odr\/\u00a0eine Plattform zur au\u00dfergerichtlichen Online-Streitbeilegung (sog. OS-Plattform) bereit.Dieses Impressum gilt auch f\u00fcr die GE My Office Kan\u00e4le in sozialen Medien. F\u00fcr weitere Informationen kontaktieren Sie bitte\u00a0info@gemyoffice.com","rel":"","context":"Benzer yaz\u0131","block_context":{"text":"Benzer yaz\u0131","link":""},"img":{"alt_text":"","src":"","width":0,"height":0},"classes":[]},{"id":3,"url":"https:\/\/gemyoffice.com\/tr\/privacy-policy\/","url_meta":{"origin":52,"position":1},"title":"Gizlilik S\u00f6zle\u015fmesi","author":"","date":"15\/03\/2024","format":false,"excerpt":"Ihre Privatsph\u00e4re ist uns wichtig! Unsere Website-Adresse lautet: https:\/\/gemyoffice.comWir m\u00f6chten Sie dar\u00fcber informieren, dass wir beim Besuch unserer Website lediglich Ihre IP-Adresse erfassen und keine weiteren Informationen von Ihnen sammeln.Wir m\u00f6chten darauf hinweisen, dass niemand au\u00dfer uns Zugang zu den Dateien hat, die Sie hochladen, au\u00dfer den Informationen, die Sie\u2026","rel":"","context":"Benzer yaz\u0131","block_context":{"text":"Benzer yaz\u0131","link":""},"img":{"alt_text":"","src":"","width":0,"height":0},"classes":[]}],"_links":{"self":[{"href":"https:\/\/gemyoffice.com\/tr\/wp-json\/wp\/v2\/pages\/52","targetHints":{"allow":["GET"]}}],"collection":[{"href":"https:\/\/gemyoffice.com\/tr\/wp-json\/wp\/v2\/pages"}],"about":[{"href":"https:\/\/gemyoffice.com\/tr\/wp-json\/wp\/v2\/types\/page"}],"author":[{"embeddable":true,"href":"https:\/\/gemyoffice.com\/tr\/wp-json\/wp\/v2\/users\/248076904"}],"replies":[{"embeddable":true,"href":"https:\/\/gemyoffice.com\/tr\/wp-json\/wp\/v2\/comments?post=52"}],"version-history":[{"count":19,"href":"https:\/\/gemyoffice.com\/tr\/wp-json\/wp\/v2\/pages\/52\/revisions"}],"predecessor-version":[{"id":690,"href":"https:\/\/gemyoffice.com\/tr\/wp-json\/wp\/v2\/pages\/52\/revisions\/690"}],"wp:attachment":[{"href":"https:\/\/gemyoffice.com\/tr\/wp-json\/wp\/v2\/media?parent=52"}],"curies":[{"name":"wp","href":"https:\/\/api.w.org\/{rel}","templated":true}]}}