{"id":3,"date":"2024-03-15T21:27:23","date_gmt":"2024-03-15T21:27:23","guid":{"rendered":"https:\/\/gemyoffice.com\/?page_id=3"},"modified":"2024-04-11T17:36:02","modified_gmt":"2024-04-11T17:36:02","slug":"privacy-policy","status":"publish","type":"page","link":"https:\/\/gemyoffice.com\/tr\/privacy-policy\/","title":{"rendered":"Gizlilik S\u00f6zle\u015fmesi"},"content":{"rendered":"<h2 class=\"wp-block-heading\">Gizlili\u011finize \u00d6nem Veriyoruz!<\/h2>\n\n\n\n<p class=\"wp-block-paragraph\">Web sitesi adresimiz; https:\/\/gemyoffice.com <a href=\"https:\/\/gemyoffice.com\/tr\/\">https:\/\/gemyoffice.com<\/a><br><br>Web sitemizi ziyaret etti\u011finiz esnada yaln\u0131zca IP adresi bilginizi toplad\u0131\u011f\u0131m\u0131z\u0131 ve bunun d\u0131\u015f\u0131nda herhangi bir bilginizi toplamad\u0131\u011f\u0131m\u0131z\u0131 bildirmek isteriz.\n\u0130leti\u015fim b\u00f6l\u00fcm\u00fcnden bize iletti\u011finiz bilgiler haricinde y\u00fckleme yapt\u0131\u011f\u0131n\u0131z dosyalar\u0131n\u0131za bizim d\u0131\u015f\u0131m\u0131zda kimsenin eri\u015fimi olmad\u0131\u011f\u0131n\u0131 bildirmek isteriz.<br><br>Y\u00fckledi\u011finiz belgeler i\u015flem s\u00fcre\u00e7leriniz devam edene dek sunucular\u0131m\u0131zda g\u00fcvenle saklanmaktad\u0131r.<br><br>\u0130leti\u015fim b\u00f6l\u00fcm\u00fcne bizzat ki\u015fisel verilerinizi i\u00e7eren (kimlik, pasaport vb.) dosyalar\u0131 y\u00fcklemenizi talep etmiyoruz. Bu belgeleri y\u00fcklemeniz durumunda, bu belgeleri sunucular\u0131m\u0131zda saklamad\u0131\u011f\u0131m\u0131z i\u00e7in eri\u015fimi iptal ederek bu y\u00fcklemelerinizi sunucular\u0131m\u0131zdan kald\u0131r\u0131yoruz.<br><br>Web sitemizi kulland\u0131\u011f\u0131n\u0131z s\u00fcre boyunca \u00e7erez politikam\u0131z\u0131 kabul etmeniz gerekmektedir. \u00c7erez politikam\u0131za ve i\u00e7eriklerine her zaman web sitemizin sol alt k\u00f6\u015fesinde bulunan CookieYES eklentisi \u00fczerinden ula\u015fabilir ve y\u00f6netebilirsiniz.<\/p>\n\n\n\n<p class=\"wp-block-paragraph\">Bu sitedeki makaleler g\u00f6m\u00fcl\u00fc i\u00e7erik (\u00f6rne\u011fin videolar, resimler, makaleler vb.) i\u00e7erebilir. Di\u011fer web sitelerindeki g\u00f6m\u00fcl\u00fc i\u00e7erik, ziyaret\u00e7inin di\u011fer web sitesini ziyaret etmi\u015f gibi tamamen ayn\u0131 \u015fekilde davran\u0131r.<\/p>\n\n\n\n<p class=\"wp-block-paragraph\">Bu web siteleri sizin hakk\u0131n\u0131zda veri toplayabilir, \u00e7erez kullanabilir, ek \u00fc\u00e7\u00fcnc\u00fc taraf takibi yerle\u015ftirebilir ve bir hesab\u0131n\u0131z varsa ve o web sitesinde oturum a\u00e7m\u0131\u015fsan\u0131z, g\u00f6m\u00fcl\u00fc i\u00e7erikle etkile\u015fiminizi izlemek de dahil olmak \u00fczere, bu g\u00f6m\u00fcl\u00fc i\u00e7erikle etkile\u015fiminizi izleyebilir.<br><br>IP Adresiniz, y\u00fckledi\u011finiz dosyalar veya di\u011fer bilgilerinizin sunucular\u0131m\u0131zdan silinmesini her zaman talep edebilirsiniz.<br><br>Bir yorum b\u0131rak\u0131rsan\u0131z yorum ve meta verileri s\u00fcresiz olarak saklan\u0131r. Bu, herhangi bir takip yorumunu denetleme kuyru\u011funda tutmak yerine otomatik olarak tan\u0131yabilmemiz ve onaylayabilmemiz i\u00e7indir.<br><br>Ziyaret\u00e7i yorumlar\u0131 otomatik spam tespit hizmeti arac\u0131l\u0131\u011f\u0131yla kontrol edilebilir.<\/p>\n\n\n\n<div style=\"height:31px\" aria-hidden=\"true\" class=\"wp-block-spacer\"><\/div>\n\n\n\n<h2 class=\"wp-block-heading\">Sayg\u0131lar\u0131m\u0131zla,<br>GE MyOffice<\/h2>","protected":false},"excerpt":{"rendered":"<p>Ihre Privatsph\u00e4re ist uns wichtig! Unsere Website-Adresse lautet: <a href=\"https:\/\/gemyoffice.com\">https:\/\/gemyoffice.com<\/a> Wir m\u00f6chten Sie dar\u00fcber informieren, dass wir beim Besuch unserer Website lediglich Ihre IP-Adresse erfassen und keine weiteren Informationen von Ihnen sammeln. Wir m\u00f6chten darauf hinweisen, dass niemand au\u00dfer uns Zugang zu den Dateien hat, die Sie hochladen, au\u00dfer den Informationen, die Sie uns im Kommunikationsbereich [&hellip;]<\/p>\n","protected":false},"author":1,"featured_media":0,"parent":0,"menu_order":0,"comment_status":"closed","ping_status":"closed","template":"","meta":{"_crdt_document":"","advanced_seo_description":"","jetpack_seo_html_title":"","jetpack_seo_noindex":false,"footnotes":""},"class_list":["post-3","page","type-page","status-publish","hentry"],"jetpack_likes_enabled":false,"jetpack_sharing_enabled":true,"jetpack_shortlink":"https:\/\/wp.me\/PfCc1B-3","jetpack-related-posts":[],"_links":{"self":[{"href":"https:\/\/gemyoffice.com\/tr\/wp-json\/wp\/v2\/pages\/3","targetHints":{"allow":["GET"]}}],"collection":[{"href":"https:\/\/gemyoffice.com\/tr\/wp-json\/wp\/v2\/pages"}],"about":[{"href":"https:\/\/gemyoffice.com\/tr\/wp-json\/wp\/v2\/types\/page"}],"author":[{"embeddable":true,"href":"https:\/\/gemyoffice.com\/tr\/wp-json\/wp\/v2\/users\/1"}],"replies":[{"embeddable":true,"href":"https:\/\/gemyoffice.com\/tr\/wp-json\/wp\/v2\/comments?post=3"}],"version-history":[{"count":10,"href":"https:\/\/gemyoffice.com\/tr\/wp-json\/wp\/v2\/pages\/3\/revisions"}],"predecessor-version":[{"id":336,"href":"https:\/\/gemyoffice.com\/tr\/wp-json\/wp\/v2\/pages\/3\/revisions\/336"}],"wp:attachment":[{"href":"https:\/\/gemyoffice.com\/tr\/wp-json\/wp\/v2\/media?parent=3"}],"curies":[{"name":"wp","href":"https:\/\/api.w.org\/{rel}","templated":true}]}}