{"id":266,"date":"2024-04-10T09:28:47","date_gmt":"2024-04-10T09:28:47","guid":{"rendered":"https:\/\/gemyoffice.com\/?page_id=266"},"modified":"2025-04-06T09:03:56","modified_gmt":"2025-04-06T09:03:56","slug":"impressum","status":"publish","type":"page","link":"https:\/\/gemyoffice.com\/tr\/impressum\/","title":{"rendered":"Impressum"},"content":{"rendered":"<p class=\"wp-block-paragraph\"><strong>GE My Office<\/strong><br>Rathausgasse 15, 12529 Sch\u00f6nefeld<\/p>\n\n\n\n<p class=\"wp-block-paragraph\">Umsatzsteuer-Identifikationsnummer gem\u00e4\u00df \u00a7 27 a Umsatzsteuergesetz: DE338507970<\/p>\n\n\n\n<p class=\"wp-block-paragraph\"><strong>KONTAKTFORMULAR<\/strong><br>E-Mail: info@gemyoffice.com<br>Handynr.: +49 1573 1545082<br>Gesch\u00e4ftsf\u00fchrerin: G\u00fcl\u015fah Eren<\/p>\n\n\n\n<p class=\"wp-block-paragraph\"><strong>Online-Streitbeilegung<\/strong><br>Die Europ\u00e4ische Kommission stellt unter&nbsp;<a href=\"https:\/\/ec.europa.eu\/consumers\/odr\/\" target=\"_blank\" rel=\"noreferrer noopener\">www.ec.europa.eu\/consumers\/odr\/<\/a>&nbsp;eine Plattform zur au\u00dfergerichtlichen Online-Streitbeilegung (sog. OS-Plattform) bereit.<br><br>Dieses Impressum gilt auch f\u00fcr die GE My Office Kan\u00e4le in sozialen Medien.<\/p>\n\n\n\n<p class=\"wp-block-paragraph\">F\u00fcr weitere Informationen kontaktieren Sie bitte&nbsp;<a>info@gemyoffice.com<\/a><\/p>","protected":false},"excerpt":{"rendered":"<p>GE My OfficeRathausgasse 15, 12529 Sch\u00f6nefeld Umsatzsteuer-Identifikationsnummer gem\u00e4\u00df \u00a7 27 a Umsatzsteuergesetz: DE338507970 KONTAKTFORMULARE-Mail: <a href=\"mailto:info@gemyoffice.comHandynr\">info@gemyoffice.comHandynr<\/a>.: +49 1573 1545082Gesch\u00e4ftsf\u00fchrerin: G\u00fcl\u015fah Eren Online-StreitbeilegungDie Europ\u00e4ische Kommission stellt unter&nbsp;www.ec.europa.eu\/consumers\/odr\/&nbsp;eine Plattform zur au\u00dfergerichtlichen Online-Streitbeilegung (sog. OS-Plattform) bereit. Dieses Impressum gilt auch f\u00fcr die GE My Office Kan\u00e4le in sozialen Medien. F\u00fcr weitere Informationen kontaktieren Sie bitte&nbsp;info@gemyoffice.com<\/p>","protected":false},"author":248076904,"featured_media":0,"parent":0,"menu_order":0,"comment_status":"closed","ping_status":"closed","template":"","meta":{"_crdt_document":"","advanced_seo_description":"","jetpack_seo_html_title":"","jetpack_seo_noindex":false,"footnotes":""},"class_list":["post-266","page","type-page","status-publish","hentry"],"jetpack_likes_enabled":false,"jetpack_sharing_enabled":true,"jetpack_shortlink":"https:\/\/wp.me\/PfCc1B-4i","jetpack-related-posts":[{"id":2,"url":"https:\/\/gemyoffice.com\/tr\/about-us\/","url_meta":{"origin":266,"position":0},"title":"Hakk\u0131m\u0131zda","author":"","date":"15\/03\/2024","format":false,"excerpt":"Unser Team \u2013 Pers\u00f6nlich. Kompetent. F\u00fcr Sie da. GE MyOffice ist weit mehr als eine klassische Beratungsstelle: Wir begleiten Menschen auf ihrem Weg in ein neues Leben \u2013 pers\u00f6nlich, umfassend und engagiert. Unser Team besteht aus empathischen, mehrsprachigen Fachkr\u00e4ften, die sich nicht nur mit b\u00fcrokratischen Verfahren auskennen, sondern auch mit\u2026","rel":"","context":"Benzer yaz\u0131","block_context":{"text":"Benzer yaz\u0131","link":""},"img":{"alt_text":"","src":"","width":0,"height":0},"classes":[]},{"id":52,"url":"https:\/\/gemyoffice.com\/tr\/contact\/","url_meta":{"origin":266,"position":1},"title":"\u0130leti\u015fim","author":"gemyofficeprivate","date":"16\/03\/2024","format":false,"excerpt":"GE MyOffice Besuchen Sie uns Kottbusser Damm 75 (Hinterhof), 10967 Berlin *Termin nach Vereinbarung!","rel":"","context":"Benzer yaz\u0131","block_context":{"text":"Benzer yaz\u0131","link":""},"img":{"alt_text":"","src":"","width":0,"height":0},"classes":[]},{"id":3,"url":"https:\/\/gemyoffice.com\/tr\/privacy-policy\/","url_meta":{"origin":266,"position":2},"title":"Gizlilik S\u00f6zle\u015fmesi","author":"","date":"15\/03\/2024","format":false,"excerpt":"Ihre Privatsph\u00e4re ist uns wichtig! Unsere Website-Adresse lautet: https:\/\/gemyoffice.comWir m\u00f6chten Sie dar\u00fcber informieren, dass wir beim Besuch unserer Website lediglich Ihre IP-Adresse erfassen und keine weiteren Informationen von Ihnen sammeln.Wir m\u00f6chten darauf hinweisen, dass niemand au\u00dfer uns Zugang zu den Dateien hat, die Sie hochladen, au\u00dfer den Informationen, die Sie\u2026","rel":"","context":"Benzer yaz\u0131","block_context":{"text":"Benzer yaz\u0131","link":""},"img":{"alt_text":"","src":"","width":0,"height":0},"classes":[]},{"id":26,"url":"https:\/\/gemyoffice.com\/tr\/our-services\/","url_meta":{"origin":266,"position":3},"title":"Hizmetlerimiz","author":"gemyofficeprivate","date":"16\/03\/2024","format":false,"excerpt":"Visum zur Arbeitsplatzsuche Wir beraten bei der Vorbereitung der Bewerbungsunterlagen f\u00fcr das Visum zur Arbeitsplatzsuche. Der Jobsucheprozess Zu Beginn des Jobsucheprozesses bieten wir Ihnen eine Beratung zur beruflichen Orientierung, die auf Ihren Beruf zugeschnitten ist. Arbeitsvertrag Wir bieten Beratung bei der \u00dcberpr\u00fcfung von Arbeitsvertr\u00e4gen mit Unternehmen und den erforderlichen Anpassungen\u2026","rel":"","context":"Benzer yaz\u0131","block_context":{"text":"Benzer yaz\u0131","link":""},"img":{"alt_text":"","src":"https:\/\/i0.wp.com\/gemyoffice.com\/wp-content\/uploads\/2024\/03\/oturum_uzatma_bannner.png?resize=350%2C200&ssl=1","width":350,"height":200,"srcset":"https:\/\/i0.wp.com\/gemyoffice.com\/wp-content\/uploads\/2024\/03\/oturum_uzatma_bannner.png?resize=350%2C200&ssl=1 1x, https:\/\/i0.wp.com\/gemyoffice.com\/wp-content\/uploads\/2024\/03\/oturum_uzatma_bannner.png?resize=525%2C300&ssl=1 1.5x"},"classes":[]}],"_links":{"self":[{"href":"https:\/\/gemyoffice.com\/tr\/wp-json\/wp\/v2\/pages\/266","targetHints":{"allow":["GET"]}}],"collection":[{"href":"https:\/\/gemyoffice.com\/tr\/wp-json\/wp\/v2\/pages"}],"about":[{"href":"https:\/\/gemyoffice.com\/tr\/wp-json\/wp\/v2\/types\/page"}],"author":[{"embeddable":true,"href":"https:\/\/gemyoffice.com\/tr\/wp-json\/wp\/v2\/users\/248076904"}],"replies":[{"embeddable":true,"href":"https:\/\/gemyoffice.com\/tr\/wp-json\/wp\/v2\/comments?post=266"}],"version-history":[{"count":6,"href":"https:\/\/gemyoffice.com\/tr\/wp-json\/wp\/v2\/pages\/266\/revisions"}],"predecessor-version":[{"id":645,"href":"https:\/\/gemyoffice.com\/tr\/wp-json\/wp\/v2\/pages\/266\/revisions\/645"}],"wp:attachment":[{"href":"https:\/\/gemyoffice.com\/tr\/wp-json\/wp\/v2\/media?parent=266"}],"curies":[{"name":"wp","href":"https:\/\/api.w.org\/{rel}","templated":true}]}}